{"id":8596,"date":"2024-07-29T16:08:03","date_gmt":"2024-07-29T14:08:03","guid":{"rendered":"https:\/\/alumni.obsbusiness.school\/obs-convalidaciones\/"},"modified":"2024-11-07T11:16:55","modified_gmt":"2024-11-07T10:16:55","slug":"obs-convalidaciones","status":"publish","type":"page","link":"https:\/\/alumni.obsbusiness.school\/en\/obs-convalidaciones\/","title":{"rendered":"Follow your training at OBS"},"content":{"rendered":"<p>En OBS Business School, ofrecemos a nuestra <strong>Red Alumni<\/strong> la posibilidad de impulsar el crecimiento profesional a trav\u00e9s de una variedad de programas formativos, logrando as\u00ed un impacto positivo al contar con una comunidad de <strong>profesionales altamente competitivos en la sociedad<\/strong>.<\/p>\n<p>Para seguir creciendo laboralmente y dar un <strong>upgrade en la carrera profesional<\/strong>, desde Direcci\u00f3n Acad\u00e9mica se han creado unas tablas de equivalencias que dan la posibilidad a nuestra Comunidad de cursar nuevamente un programa en menos tiempo y con menor coste.<\/p>\n<p><strong>\u00bfC\u00f3mo?<\/strong> Mediante la <strong>convalidaci\u00f3n de asignaturas<\/strong> (similares) y <strong>reconocimiento de cr\u00e9ditos<\/strong> (hasta 15\/60 ECTs) cursados vs. el programa inicial.<br \/>\n<strong>\u00bfQu\u00e9 debes hacer?<\/strong> Solo debes elegir el M\u00e1ster o MBA que mejor se adapte a tus necesidades y as\u00ed iniciar tu proceso de admisi\u00f3n. Nos pondremos en contacto para informarte todo sobre tu continuidad acad\u00e9mica.<\/p>\n","protected":false},"excerpt":{"rendered":"<p>En OBS Business School, ofrecemos a nuestra Red Alumni la posibilidad de impulsar el crecimiento profesional a trav\u00e9s de una variedad de programas formativos, logrando as\u00ed un impacto positivo al contar con una comunidad de profesionales altamente competitivos en la sociedad. Para seguir creciendo laboralmente y dar un upgrade en la carrera profesional, desde Direcci\u00f3n [&hellip;]<\/p>\n","protected":false},"author":14,"featured_media":0,"parent":0,"menu_order":0,"comment_status":"closed","ping_status":"closed","template":"page-corporativa.php","meta":{"_acf_changed":false,"footnotes":""},"class_list":["post-8596","page","type-page","status-publish","hentry"],"acf":[],"_links":{"self":[{"href":"https:\/\/alumni.obsbusiness.school\/en\/wp-json\/wp\/v2\/pages\/8596","targetHints":{"allow":["GET"]}}],"collection":[{"href":"https:\/\/alumni.obsbusiness.school\/en\/wp-json\/wp\/v2\/pages"}],"about":[{"href":"https:\/\/alumni.obsbusiness.school\/en\/wp-json\/wp\/v2\/types\/page"}],"author":[{"embeddable":true,"href":"https:\/\/alumni.obsbusiness.school\/en\/wp-json\/wp\/v2\/users\/14"}],"replies":[{"embeddable":true,"href":"https:\/\/alumni.obsbusiness.school\/en\/wp-json\/wp\/v2\/comments?post=8596"}],"version-history":[{"count":0,"href":"https:\/\/alumni.obsbusiness.school\/en\/wp-json\/wp\/v2\/pages\/8596\/revisions"}],"wp:attachment":[{"href":"https:\/\/alumni.obsbusiness.school\/en\/wp-json\/wp\/v2\/media?parent=8596"}],"curies":[{"name":"wp","href":"https:\/\/api.w.org\/{rel}","templated":true}]}}